{"id":2672,"date":"2025-01-05T20:28:22","date_gmt":"2025-01-05T20:28:22","guid":{"rendered":"https:\/\/www.kadodrinks.se\/?page_id=2672"},"modified":"2025-03-30T21:23:12","modified_gmt":"2025-03-30T21:23:12","slug":"tips-page-c","status":"publish","type":"page","link":"https:\/\/www.kadodrinks.se\/sv\/tips-page-c\/","title":{"rendered":"Tips sida c"},"content":{"rendered":"<div data-elementor-type=\"wp-page\" data-elementor-id=\"2672\" class=\"elementor elementor-2672\" data-elementor-post-type=\"page\">\n\t\t\t\t<div class=\"elementor-element elementor-element-b476027 e-con-full e-flex e-con e-parent\" data-id=\"b476027\" data-element_type=\"container\" data-e-type=\"container\">\n\t\t\t\t<div class=\"elementor-element elementor-element-e7c14b9 elementor-widget__width-initial elementor-widget elementor-widget-heading\" data-id=\"e7c14b9\" data-element_type=\"widget\" data-e-type=\"widget\" data-widget_type=\"heading.default\">\n\t\t\t\t<div class=\"elementor-widget-container\">\n\t\t\t\t\t<h2 class=\"elementor-heading-title elementor-size-default\">Njut av alla tips och trick<\/h2>\t\t\t\t<\/div>\n\t\t\t\t<\/div>\n\t\t\t\t<div class=\"elementor-element elementor-element-1ff05eb elementor-widget__width-initial elementor-widget elementor-widget-text-editor\" data-id=\"1ff05eb\" data-element_type=\"widget\" data-e-type=\"widget\" data-widget_type=\"text-editor.default\">\n\t\t\t\t<div class=\"elementor-widget-container\">\n\t\t\t\t\t\t\t\t\t<p>Utforska KADO-bloggen f\u00f6r ber\u00e4ttelser om matsvinn, upcycling, h\u00e5llbarhet och hur vi f\u00f6rvandlar f\u00f6rbisedda ingredienser till n\u00e5got som \u00e4r v\u00e4rt att dricka.<\/p>\t\t\t\t\t\t\t\t<\/div>\n\t\t\t\t<\/div>\n\t\t\t\t<div class=\"elementor-element elementor-element-7dfda87 elementor-grid-mobile-2 elementor-grid-3 elementor-grid-tablet-2 elementor-widget elementor-widget-portfolio\" data-id=\"7dfda87\" data-element_type=\"widget\" data-e-type=\"widget\" data-settings=\"{&quot;row_gap&quot;:{&quot;unit&quot;:&quot;px&quot;,&quot;size&quot;:10,&quot;sizes&quot;:[]},&quot;columns_mobile&quot;:&quot;2&quot;,&quot;item_ratio&quot;:{&quot;unit&quot;:&quot;px&quot;,&quot;size&quot;:1,&quot;sizes&quot;:[]},&quot;columns&quot;:&quot;3&quot;,&quot;columns_tablet&quot;:&quot;2&quot;,&quot;item_gap&quot;:{&quot;unit&quot;:&quot;px&quot;,&quot;size&quot;:&quot;&quot;,&quot;sizes&quot;:[]}}\" data-widget_type=\"portfolio.default\">\n\t\t\t\t<div class=\"elementor-widget-container\">\n\t\t\t\t\t\t\t<div class=\"elementor-portfolio elementor-grid elementor-posts-container\" role=\"list\">\n\t\t\t\t<article class=\"elementor-portfolio-item elementor-post  post-3605 post type-post status-publish format-standard has-post-thumbnail hentry category-uncategorized\" role=\"listitem\">\n\t\t\t<a class=\"elementor-post__thumbnail__link\" href=\"https:\/\/www.kadodrinks.se\/sv\/how-kado-builds-a-culture-of-conscious-living\/\">\n\t\t\t\t<div class=\"elementor-portfolio-item__img elementor-post__thumbnail\">\n\t\t\t<img fetchpriority=\"high\" decoding=\"async\" width=\"800\" height=\"849\" src=\"https:\/\/www.kadodrinks.se\/wp-content\/uploads\/2025\/01\/kdo-DO.png\" class=\"attachment-full size-full wp-image-3216\" alt=\"\" srcset=\"https:\/\/www.kadodrinks.se\/wp-content\/uploads\/2025\/01\/kdo-DO.png 800w, https:\/\/www.kadodrinks.se\/wp-content\/uploads\/2025\/01\/kdo-DO-283x300.png 283w, https:\/\/www.kadodrinks.se\/wp-content\/uploads\/2025\/01\/kdo-DO-768x815.png 768w, https:\/\/www.kadodrinks.se\/wp-content\/uploads\/2025\/01\/kdo-DO-300x318.png 300w\" sizes=\"(max-width: 800px) 100vw, 800px\" \/>\t\t<\/div>\n\t\t\t\t<div class=\"elementor-portfolio-item__overlay\">\n\t\t\t\t<h3 class=\"elementor-portfolio-item__title\">\n\t\tHur KADO bygger en kultur av medvetet leverne\t\t<\/h3>\n\t\t\t\t<\/div>\n\t\t\t\t<\/a>\n\t\t<\/article>\n\t\t\t\t<article class=\"elementor-portfolio-item elementor-post  post-3602 post type-post status-publish format-standard has-post-thumbnail hentry category-uncategorized\" role=\"listitem\">\n\t\t\t<a class=\"elementor-post__thumbnail__link\" href=\"https:\/\/www.kadodrinks.se\/sv\/sustainability-in-2025\/\">\n\t\t\t\t<div class=\"elementor-portfolio-item__img elementor-post__thumbnail\">\n\t\t\t<img decoding=\"async\" width=\"1000\" height=\"573\" src=\"https:\/\/www.kadodrinks.se\/wp-content\/uploads\/2025\/03\/noah-buscher-x8ZStukS2PM-unsplash-1.png\" class=\"attachment-full size-full wp-image-3603\" alt=\"\" srcset=\"https:\/\/www.kadodrinks.se\/wp-content\/uploads\/2025\/03\/noah-buscher-x8ZStukS2PM-unsplash-1.png 1000w, https:\/\/www.kadodrinks.se\/wp-content\/uploads\/2025\/03\/noah-buscher-x8ZStukS2PM-unsplash-1-300x172.png 300w, https:\/\/www.kadodrinks.se\/wp-content\/uploads\/2025\/03\/noah-buscher-x8ZStukS2PM-unsplash-1-768x440.png 768w\" sizes=\"(max-width: 1000px) 100vw, 1000px\" \/>\t\t<\/div>\n\t\t\t\t<div class=\"elementor-portfolio-item__overlay\">\n\t\t\t\t<h3 class=\"elementor-portfolio-item__title\">\n\t\tH\u00e5llbarhet \u00e5r 2025\t\t<\/h3>\n\t\t\t\t<\/div>\n\t\t\t\t<\/a>\n\t\t<\/article>\n\t\t\t\t<article class=\"elementor-portfolio-item elementor-post  post-3599 post type-post status-publish format-standard has-post-thumbnail hentry category-uncategorized\" role=\"listitem\">\n\t\t\t<a class=\"elementor-post__thumbnail__link\" href=\"https:\/\/www.kadodrinks.se\/sv\/how-we-extract-flavor-from-avocado-seeds\/\">\n\t\t\t\t<div class=\"elementor-portfolio-item__img elementor-post__thumbnail\">\n\t\t\t<img decoding=\"async\" width=\"800\" height=\"805\" src=\"https:\/\/www.kadodrinks.se\/wp-content\/uploads\/2025\/03\/av.png\" class=\"attachment-full size-full wp-image-3600\" alt=\"\" srcset=\"https:\/\/www.kadodrinks.se\/wp-content\/uploads\/2025\/03\/av.png 800w, https:\/\/www.kadodrinks.se\/wp-content\/uploads\/2025\/03\/av-298x300.png 298w, https:\/\/www.kadodrinks.se\/wp-content\/uploads\/2025\/03\/av-150x150.png 150w, https:\/\/www.kadodrinks.se\/wp-content\/uploads\/2025\/03\/av-768x773.png 768w, https:\/\/www.kadodrinks.se\/wp-content\/uploads\/2025\/03\/av-300x302.png 300w, https:\/\/www.kadodrinks.se\/wp-content\/uploads\/2025\/03\/av-100x100.png 100w\" sizes=\"(max-width: 800px) 100vw, 800px\" \/>\t\t<\/div>\n\t\t\t\t<div class=\"elementor-portfolio-item__overlay\">\n\t\t\t\t<h3 class=\"elementor-portfolio-item__title\">\n\t\tHur vi extraherar smak fr\u00e5n avokadok\u00e4rnor\t\t<\/h3>\n\t\t\t\t<\/div>\n\t\t\t\t<\/a>\n\t\t<\/article>\n\t\t\t\t<article class=\"elementor-portfolio-item elementor-post  post-3596 post type-post status-publish format-standard has-post-thumbnail hentry category-uncategorized\" role=\"listitem\">\n\t\t\t<a class=\"elementor-post__thumbnail__link\" href=\"https:\/\/www.kadodrinks.se\/sv\/turning-food-waste-into-refreshment\/\">\n\t\t\t\t<div class=\"elementor-portfolio-item__img elementor-post__thumbnail\">\n\t\t\t<img loading=\"lazy\" decoding=\"async\" width=\"800\" height=\"805\" src=\"https:\/\/www.kadodrinks.se\/wp-content\/uploads\/2025\/03\/BP.png\" class=\"attachment-full size-full wp-image-3597\" alt=\"\" srcset=\"https:\/\/www.kadodrinks.se\/wp-content\/uploads\/2025\/03\/BP.png 800w, https:\/\/www.kadodrinks.se\/wp-content\/uploads\/2025\/03\/BP-298x300.png 298w, https:\/\/www.kadodrinks.se\/wp-content\/uploads\/2025\/03\/BP-150x150.png 150w, https:\/\/www.kadodrinks.se\/wp-content\/uploads\/2025\/03\/BP-768x773.png 768w, https:\/\/www.kadodrinks.se\/wp-content\/uploads\/2025\/03\/BP-300x302.png 300w, https:\/\/www.kadodrinks.se\/wp-content\/uploads\/2025\/03\/BP-100x100.png 100w\" sizes=\"(max-width: 800px) 100vw, 800px\" \/>\t\t<\/div>\n\t\t\t\t<div class=\"elementor-portfolio-item__overlay\">\n\t\t\t\t<h3 class=\"elementor-portfolio-item__title\">\n\t\tF\u00f6rvandlar matavfall till f\u00f6rfriskningar\t\t<\/h3>\n\t\t\t\t<\/div>\n\t\t\t\t<\/a>\n\t\t<\/article>\n\t\t\t\t<\/div>\n\t\t\t\t\t\t<\/div>\n\t\t\t\t<\/div>\n\t\t\t\t<\/div>\n\t\t\t\t<\/div>","protected":false},"excerpt":{"rendered":"<p>Njut av alla tips och tricks Utforska KADO-bloggen f\u00f6r ber\u00e4ttelser om matsvinn, upcycling, h\u00e5llbarhet och hur vi f\u00f6rvandlar f\u00f6rbisedda ingredienser till n\u00e5got som \u00e4r v\u00e4rt att dricka.<\/p>","protected":false},"author":1,"featured_media":0,"parent":0,"menu_order":0,"comment_status":"closed","ping_status":"closed","template":"","meta":{"_acf_changed":false,"site-sidebar-layout":"no-sidebar","site-content-layout":"page-builder","ast-site-content-layout":"full-width-container","site-content-style":"unboxed","site-sidebar-style":"unboxed","ast-global-header-display":"","ast-banner-title-visibility":"","ast-main-header-display":"","ast-hfb-above-header-display":"","ast-hfb-below-header-display":"","ast-hfb-mobile-header-display":"","site-post-title":"disabled","ast-breadcrumbs-content":"","ast-featured-img":"disabled","footer-sml-layout":"","ast-disable-related-posts":"","theme-transparent-header-meta":"default","adv-header-id-meta":"","stick-header-meta":"default","header-above-stick-meta":"","header-main-stick-meta":"","header-below-stick-meta":"","astra-migrate-meta-layouts":"set","ast-page-background-enabled":"default","ast-page-background-meta":{"desktop":{"background-color":"var(--ast-global-color-4)","background-image":"","background-repeat":"repeat","background-position":"center center","background-size":"auto","background-attachment":"scroll","background-type":"","background-media":"","overlay-type":"","overlay-color":"","overlay-opacity":"","overlay-gradient":""},"tablet":{"background-color":"","background-image":"","background-repeat":"repeat","background-position":"center center","background-size":"auto","background-attachment":"scroll","background-type":"","background-media":"","overlay-type":"","overlay-color":"","overlay-opacity":"","overlay-gradient":""},"mobile":{"background-color":"","background-image":"","background-repeat":"repeat","background-position":"center center","background-size":"auto","background-attachment":"scroll","background-type":"","background-media":"","overlay-type":"","overlay-color":"","overlay-opacity":"","overlay-gradient":""}},"ast-content-background-meta":{"desktop":{"background-color":"var(--ast-global-color-5)","background-image":"","background-repeat":"repeat","background-position":"center center","background-size":"auto","background-attachment":"scroll","background-type":"","background-media":"","overlay-type":"","overlay-color":"","overlay-opacity":"","overlay-gradient":""},"tablet":{"background-color":"var(--ast-global-color-5)","background-image":"","background-repeat":"repeat","background-position":"center center","background-size":"auto","background-attachment":"scroll","background-type":"","background-media":"","overlay-type":"","overlay-color":"","overlay-opacity":"","overlay-gradient":""},"mobile":{"background-color":"var(--ast-global-color-5)","background-image":"","background-repeat":"repeat","background-position":"center center","background-size":"auto","background-attachment":"scroll","background-type":"","background-media":"","overlay-type":"","overlay-color":"","overlay-opacity":"","overlay-gradient":""}},"footnotes":""},"class_list":["post-2672","page","type-page","status-publish","hentry"],"acf":[],"jetpack_sharing_enabled":true,"_links":{"self":[{"href":"https:\/\/www.kadodrinks.se\/sv\/wp-json\/wp\/v2\/pages\/2672","targetHints":{"allow":["GET"]}}],"collection":[{"href":"https:\/\/www.kadodrinks.se\/sv\/wp-json\/wp\/v2\/pages"}],"about":[{"href":"https:\/\/www.kadodrinks.se\/sv\/wp-json\/wp\/v2\/types\/page"}],"author":[{"embeddable":true,"href":"https:\/\/www.kadodrinks.se\/sv\/wp-json\/wp\/v2\/users\/1"}],"replies":[{"embeddable":true,"href":"https:\/\/www.kadodrinks.se\/sv\/wp-json\/wp\/v2\/comments?post=2672"}],"version-history":[{"count":16,"href":"https:\/\/www.kadodrinks.se\/sv\/wp-json\/wp\/v2\/pages\/2672\/revisions"}],"predecessor-version":[{"id":3735,"href":"https:\/\/www.kadodrinks.se\/sv\/wp-json\/wp\/v2\/pages\/2672\/revisions\/3735"}],"wp:attachment":[{"href":"https:\/\/www.kadodrinks.se\/sv\/wp-json\/wp\/v2\/media?parent=2672"}],"curies":[{"name":"wp","href":"https:\/\/api.w.org\/{rel}","templated":true}]}}