{"id":3419,"date":"2025-03-24T22:06:31","date_gmt":"2025-03-24T22:06:31","guid":{"rendered":"https:\/\/www.kadodrinks.se\/?post_type=product&#038;p=3419"},"modified":"2026-04-15T12:15:50","modified_gmt":"2026-04-15T12:15:50","slug":"kado-lemon-ginger","status":"publish","type":"product","link":"https:\/\/www.kadodrinks.se\/sv\/produkt\/kado-lemon-ginger\/","title":{"rendered":"KADO ~ citron &amp; ingef\u00e4ra"},"content":{"rendered":"<p class=\"\" data-start=\"116\" data-end=\"392\">Denna rena, alkoholfria dryck blandar<br \/>\ningef\u00e4rans naturliga v\u00e4rme, citronens ljusa skal och \u00e4pplets subtila s\u00f6tma ger en uppfriskande,<br \/>\nuppfriskande upplevelse. Tillverkad av \u00e5tervunna avokadok\u00e4rnor - en ofta f\u00f6rbisedd ingrediens med<br \/>\nunik potential - denna dryck sl\u00e4cker inte bara t\u00f6rsten utan erbjuder ocks\u00e5 en levande, krispig smak som<br \/>\nv\u00e4cker dina sinnen.<br \/>\nUtan raffinerade eller bearbetade sockerarter balanserar \u00e4pplets naturliga s\u00f6tma perfekt den dj\u00e4rva smaken,<br \/>\ncitrusaktig kick, vilket g\u00f6r den till ett perfekt val f\u00f6r alla dagar och mindful stunder.<br \/>\nKoppla ihop den med sallader, lamm, sushi eller skaldjursr\u00e4tter f\u00f6r en harmonisk kulinarisk upplevelse. Smidig,<br \/>\n\u00e4r den perfekta drycken f\u00f6r att fr\u00e4scha upp dina sinnen och h\u00f6ja din livsstil.<br \/>\nDet \u00e4r ett konstverk!<\/p>\n<p class=\"\" data-start=\"647\" data-end=\"747\">","protected":false},"excerpt":{"rendered":"<p>En dj\u00e4rv, uppfriskande dryck gjord av \u00e5tervunna avokadok\u00e4rnor, med ingef\u00e4ra, citron och en hint av \u00e4pple. Naturligt s\u00f6t, antioxidantrik och perfekt f\u00f6r soliga dagar - inget tillsatt socker, l\u00e5gt koldioxidavtryck (0,64 kg CO\u2082). Ren smak, b\u00e4ttre p\u00e5verkan.<\/p>","protected":false},"featured_media":3029,"comment_status":"open","ping_status":"closed","template":"","meta":{"_acf_changed":false,"site-sidebar-layout":"default","site-content-layout":"","ast-site-content-layout":"default","site-content-style":"default","site-sidebar-style":"default","ast-global-header-display":"","ast-banner-title-visibility":"","ast-main-header-display":"","ast-hfb-above-header-display":"","ast-hfb-below-header-display":"","ast-hfb-mobile-header-display":"","site-post-title":"","ast-breadcrumbs-content":"","ast-featured-img":"","footer-sml-layout":"","ast-disable-related-posts":"","theme-transparent-header-meta":"default","adv-header-id-meta":"","stick-header-meta":"default","header-above-stick-meta":"","header-main-stick-meta":"","header-below-stick-meta":"","astra-migrate-meta-layouts":"set","ast-page-background-enabled":"default","ast-page-background-meta":{"desktop":{"background-color":"var(--ast-global-color-4)","background-image":"","background-repeat":"repeat","background-position":"center center","background-size":"auto","background-attachment":"scroll","background-type":"","background-media":"","overlay-type":"","overlay-color":"","overlay-opacity":"","overlay-gradient":""},"tablet":{"background-color":"","background-image":"","background-repeat":"repeat","background-position":"center center","background-size":"auto","background-attachment":"scroll","background-type":"","background-media":"","overlay-type":"","overlay-color":"","overlay-opacity":"","overlay-gradient":""},"mobile":{"background-color":"","background-image":"","background-repeat":"repeat","background-position":"center center","background-size":"auto","background-attachment":"scroll","background-type":"","background-media":"","overlay-type":"","overlay-color":"","overlay-opacity":"","overlay-gradient":""}},"ast-content-background-meta":{"desktop":{"background-color":"var(--ast-global-color-5)","background-image":"","background-repeat":"repeat","background-position":"center center","background-size":"auto","background-attachment":"scroll","background-type":"","background-media":"","overlay-type":"","overlay-color":"","overlay-opacity":"","overlay-gradient":""},"tablet":{"background-color":"var(--ast-global-color-5)","background-image":"","background-repeat":"repeat","background-position":"center center","background-size":"auto","background-attachment":"scroll","background-type":"","background-media":"","overlay-type":"","overlay-color":"","overlay-opacity":"","overlay-gradient":""},"mobile":{"background-color":"var(--ast-global-color-5)","background-image":"","background-repeat":"repeat","background-position":"center center","background-size":"auto","background-attachment":"scroll","background-type":"","background-media":"","overlay-type":"","overlay-color":"","overlay-opacity":"","overlay-gradient":""}}},"product_brand":[],"product_cat":[102,37],"product_tag":[],"class_list":{"0":"post-3419","1":"product","2":"type-product","3":"status-publish","4":"has-post-thumbnail","6":"product_cat-new-product","7":"product_cat-drinks","8":"desktop-align-left","9":"tablet-align-left","10":"mobile-align-left","12":"first","13":"instock","14":"taxable","15":"shipping-taxable","16":"purchasable","17":"product-type-variable","18":"has-default-attributes"},"acf":[],"jetpack_sharing_enabled":true,"_links":{"self":[{"href":"https:\/\/www.kadodrinks.se\/sv\/wp-json\/wp\/v2\/product\/3419","targetHints":{"allow":["GET"]}}],"collection":[{"href":"https:\/\/www.kadodrinks.se\/sv\/wp-json\/wp\/v2\/product"}],"about":[{"href":"https:\/\/www.kadodrinks.se\/sv\/wp-json\/wp\/v2\/types\/product"}],"replies":[{"embeddable":true,"href":"https:\/\/www.kadodrinks.se\/sv\/wp-json\/wp\/v2\/comments?post=3419"}],"version-history":[{"count":23,"href":"https:\/\/www.kadodrinks.se\/sv\/wp-json\/wp\/v2\/product\/3419\/revisions"}],"predecessor-version":[{"id":4984,"href":"https:\/\/www.kadodrinks.se\/sv\/wp-json\/wp\/v2\/product\/3419\/revisions\/4984"}],"wp:featuredmedia":[{"embeddable":true,"href":"https:\/\/www.kadodrinks.se\/sv\/wp-json\/wp\/v2\/media\/3029"}],"wp:attachment":[{"href":"https:\/\/www.kadodrinks.se\/sv\/wp-json\/wp\/v2\/media?parent=3419"}],"wp:term":[{"taxonomy":"product_brand","embeddable":true,"href":"https:\/\/www.kadodrinks.se\/sv\/wp-json\/wp\/v2\/product_brand?post=3419"},{"taxonomy":"product_cat","embeddable":true,"href":"https:\/\/www.kadodrinks.se\/sv\/wp-json\/wp\/v2\/product_cat?post=3419"},{"taxonomy":"product_tag","embeddable":true,"href":"https:\/\/www.kadodrinks.se\/sv\/wp-json\/wp\/v2\/product_tag?post=3419"}],"curies":[{"name":"wp","href":"https:\/\/api.w.org\/{rel}","templated":true}]}}