{"id":3510,"date":"2025-03-30T10:49:50","date_gmt":"2025-03-30T10:49:50","guid":{"rendered":"https:\/\/www.kadodrinks.se\/?post_type=product&#038;p=3510"},"modified":"2025-04-08T11:15:04","modified_gmt":"2025-04-08T11:15:04","slug":"green-tee","status":"publish","type":"product","link":"https:\/\/www.kadodrinks.se\/sv\/produkt\/green-tee\/","title":{"rendered":"Gr\u00f6n T-shirt"},"content":{"rendered":"","protected":false},"excerpt":{"rendered":"<div class=\"mb-3\">\n<p><strong><span class=\"font-bold\">Storlek:<\/span>\u00a0<\/strong>en storlek<\/p>\n<p><strong>Beskrivning<\/strong><\/p>\n<div class=\"wysiwyg-p:my-0 wysiwyg-ul:my-0 lg:wysiwyg-li:text-sm wysiwyg-li:text-xs lg:wysiwyg-p:text-sm wysiwyg-p:text-xs check-icon-list-bullet\">\n<ul>\n<li>Inst\u00e4lld hylsa<\/li>\n<li>1\u00d71 ribb vid halskrage<\/li>\n<li>Inv\u00e4ndigt halsband i sj\u00e4lvh\u00e4ftande tyg p\u00e5 baksidan<\/li>\n<li>Tvinn\u00e5lsstickning i \u00e4rmslut och nederkant<\/li>\n<\/ul>\n<\/div>\n<\/div>\n<div class=\"mb-3\">\n<p class=\"uppercase text-xs lg:text-sm font-bold mb-3\"><strong>Sammans\u00e4ttning<br \/>\n<\/strong><span style=\"font-size: 16px;\">Yttertyg: Single Jersey, 100% Bomull - Ekologisk ringspunnen kammad, tyg tv\u00e4ttat<\/span><\/p>\n<\/div>\n<div class=\"mb-3\">\n<p class=\"uppercase text-xs lg:text-sm font-bold mb-3\"><strong>Instruktioner f\u00f6r sk\u00f6tsel<br \/>\n<\/strong><span style=\"font-size: 16px;\">Tv\u00e4tta liknande f\u00e4rger tillsammans, stryk inte p\u00e5 trycket, tv\u00e4tta och stryk ut och in.<\/span><\/p>\n<\/div>","protected":false},"featured_media":3499,"comment_status":"open","ping_status":"closed","template":"","meta":{"_acf_changed":false,"site-sidebar-layout":"default","site-content-layout":"","ast-site-content-layout":"default","site-content-style":"default","site-sidebar-style":"default","ast-global-header-display":"","ast-banner-title-visibility":"","ast-main-header-display":"","ast-hfb-above-header-display":"","ast-hfb-below-header-display":"","ast-hfb-mobile-header-display":"","site-post-title":"","ast-breadcrumbs-content":"","ast-featured-img":"","footer-sml-layout":"","ast-disable-related-posts":"","theme-transparent-header-meta":"default","adv-header-id-meta":"","stick-header-meta":"default","header-above-stick-meta":"","header-main-stick-meta":"","header-below-stick-meta":"","astra-migrate-meta-layouts":"set","ast-page-background-enabled":"default","ast-page-background-meta":{"desktop":{"background-color":"var(--ast-global-color-4)","background-image":"","background-repeat":"repeat","background-position":"center center","background-size":"auto","background-attachment":"scroll","background-type":"","background-media":"","overlay-type":"","overlay-color":"","overlay-opacity":"","overlay-gradient":""},"tablet":{"background-color":"","background-image":"","background-repeat":"repeat","background-position":"center center","background-size":"auto","background-attachment":"scroll","background-type":"","background-media":"","overlay-type":"","overlay-color":"","overlay-opacity":"","overlay-gradient":""},"mobile":{"background-color":"","background-image":"","background-repeat":"repeat","background-position":"center center","background-size":"auto","background-attachment":"scroll","background-type":"","background-media":"","overlay-type":"","overlay-color":"","overlay-opacity":"","overlay-gradient":""}},"ast-content-background-meta":{"desktop":{"background-color":"var(--ast-global-color-5)","background-image":"","background-repeat":"repeat","background-position":"center center","background-size":"auto","background-attachment":"scroll","background-type":"","background-media":"","overlay-type":"","overlay-color":"","overlay-opacity":"","overlay-gradient":""},"tablet":{"background-color":"var(--ast-global-color-5)","background-image":"","background-repeat":"repeat","background-position":"center center","background-size":"auto","background-attachment":"scroll","background-type":"","background-media":"","overlay-type":"","overlay-color":"","overlay-opacity":"","overlay-gradient":""},"mobile":{"background-color":"var(--ast-global-color-5)","background-image":"","background-repeat":"repeat","background-position":"center center","background-size":"auto","background-attachment":"scroll","background-type":"","background-media":"","overlay-type":"","overlay-color":"","overlay-opacity":"","overlay-gradient":""}}},"product_brand":[],"product_cat":[100],"product_tag":[],"class_list":{"0":"post-3510","1":"product","2":"type-product","3":"status-publish","4":"has-post-thumbnail","6":"product_cat-merch","7":"desktop-align-left","8":"tablet-align-left","9":"mobile-align-left","11":"first","12":"outofstock","13":"taxable","14":"shipping-taxable","15":"purchasable","16":"product-type-simple"},"acf":[],"jetpack_sharing_enabled":true,"_links":{"self":[{"href":"https:\/\/www.kadodrinks.se\/sv\/wp-json\/wp\/v2\/product\/3510","targetHints":{"allow":["GET"]}}],"collection":[{"href":"https:\/\/www.kadodrinks.se\/sv\/wp-json\/wp\/v2\/product"}],"about":[{"href":"https:\/\/www.kadodrinks.se\/sv\/wp-json\/wp\/v2\/types\/product"}],"replies":[{"embeddable":true,"href":"https:\/\/www.kadodrinks.se\/sv\/wp-json\/wp\/v2\/comments?post=3510"}],"version-history":[{"count":13,"href":"https:\/\/www.kadodrinks.se\/sv\/wp-json\/wp\/v2\/product\/3510\/revisions"}],"predecessor-version":[{"id":4491,"href":"https:\/\/www.kadodrinks.se\/sv\/wp-json\/wp\/v2\/product\/3510\/revisions\/4491"}],"wp:featuredmedia":[{"embeddable":true,"href":"https:\/\/www.kadodrinks.se\/sv\/wp-json\/wp\/v2\/media\/3499"}],"wp:attachment":[{"href":"https:\/\/www.kadodrinks.se\/sv\/wp-json\/wp\/v2\/media?parent=3510"}],"wp:term":[{"taxonomy":"product_brand","embeddable":true,"href":"https:\/\/www.kadodrinks.se\/sv\/wp-json\/wp\/v2\/product_brand?post=3510"},{"taxonomy":"product_cat","embeddable":true,"href":"https:\/\/www.kadodrinks.se\/sv\/wp-json\/wp\/v2\/product_cat?post=3510"},{"taxonomy":"product_tag","embeddable":true,"href":"https:\/\/www.kadodrinks.se\/sv\/wp-json\/wp\/v2\/product_tag?post=3510"}],"curies":[{"name":"wp","href":"https:\/\/api.w.org\/{rel}","templated":true}]}}