{"id":3529,"date":"2025-03-30T11:40:36","date_gmt":"2025-03-30T11:40:36","guid":{"rendered":"https:\/\/www.kadodrinks.se\/?post_type=product&#038;p=3529"},"modified":"2025-04-13T23:24:42","modified_gmt":"2025-04-13T23:24:42","slug":"tote-bag","status":"publish","type":"product","link":"https:\/\/www.kadodrinks.se\/sv\/produkt\/tote-bag\/","title":{"rendered":"Totev\u00e4ska"},"content":{"rendered":"","protected":false},"excerpt":{"rendered":"<div class=\"mb-3\">\n<p><strong><span class=\"font-bold\">Passar:<\/span><\/strong> Ej till\u00e4mpligt <strong><span class=\"font-bold\">Storlek:<\/span><\/strong> En storlek <strong><span class=\"font-bold\">Vikt:<\/span><\/strong>\u00a0160 GSM<\/p>\n<p>&nbsp;<\/p>\n<p><strong>Beskrivning<\/strong><\/p>\n<div class=\"wysiwyg-p:my-0 wysiwyg-ul:my-0 lg:wysiwyg-li:text-sm wysiwyg-li:text-xs lg:wysiwyg-p:text-sm wysiwyg-p:text-xs check-icon-list-bullet\">\n<ul>\n<li>\u00d6verkanten dubbelvikt f\u00f6r styrka och ren finish<\/li>\n<li>L\u00e5nga handtag med f\u00f6rst\u00e4rkt korsstygn<\/li>\n<\/ul>\n<\/div>\n<\/div>\n<div class=\"mb-3\">\n<p class=\"uppercase text-xs lg:text-sm font-bold mb-3\"><strong>Sammans\u00e4ttning: <\/strong><\/p>\n<p class=\"uppercase text-xs lg:text-sm font-bold mb-3\"><span style=\"font-size: 16px;\">Yttertyg: Plain Weave, 100% Bomull - Ekologisk ringspunnen kammad, tyg tv\u00e4ttat<\/span><\/p>\n<\/div>\n<div class=\"mb-3\">\n<p class=\"uppercase text-xs lg:text-sm font-bold mb-3\"><strong>Sk\u00f6tselanvisningar: <\/strong><\/p>\n<p class=\"uppercase text-xs lg:text-sm font-bold mb-3\"><span style=\"font-size: 16px;\">Tv\u00e4tta liknande f\u00e4rger tillsammans, stryk inte p\u00e5 trycket, tv\u00e4tta och stryk ut och in.<\/span><\/p>\n<\/div>","protected":false},"featured_media":3533,"comment_status":"open","ping_status":"closed","template":"","meta":{"_acf_changed":false,"site-sidebar-layout":"default","site-content-layout":"","ast-site-content-layout":"default","site-content-style":"default","site-sidebar-style":"default","ast-global-header-display":"","ast-banner-title-visibility":"","ast-main-header-display":"","ast-hfb-above-header-display":"","ast-hfb-below-header-display":"","ast-hfb-mobile-header-display":"","site-post-title":"","ast-breadcrumbs-content":"","ast-featured-img":"","footer-sml-layout":"","ast-disable-related-posts":"","theme-transparent-header-meta":"default","adv-header-id-meta":"","stick-header-meta":"default","header-above-stick-meta":"","header-main-stick-meta":"","header-below-stick-meta":"","astra-migrate-meta-layouts":"set","ast-page-background-enabled":"default","ast-page-background-meta":{"desktop":{"background-color":"var(--ast-global-color-4)","background-image":"","background-repeat":"repeat","background-position":"center center","background-size":"auto","background-attachment":"scroll","background-type":"","background-media":"","overlay-type":"","overlay-color":"","overlay-opacity":"","overlay-gradient":""},"tablet":{"background-color":"","background-image":"","background-repeat":"repeat","background-position":"center center","background-size":"auto","background-attachment":"scroll","background-type":"","background-media":"","overlay-type":"","overlay-color":"","overlay-opacity":"","overlay-gradient":""},"mobile":{"background-color":"","background-image":"","background-repeat":"repeat","background-position":"center center","background-size":"auto","background-attachment":"scroll","background-type":"","background-media":"","overlay-type":"","overlay-color":"","overlay-opacity":"","overlay-gradient":""}},"ast-content-background-meta":{"desktop":{"background-color":"var(--ast-global-color-5)","background-image":"","background-repeat":"repeat","background-position":"center center","background-size":"auto","background-attachment":"scroll","background-type":"","background-media":"","overlay-type":"","overlay-color":"","overlay-opacity":"","overlay-gradient":""},"tablet":{"background-color":"var(--ast-global-color-5)","background-image":"","background-repeat":"repeat","background-position":"center center","background-size":"auto","background-attachment":"scroll","background-type":"","background-media":"","overlay-type":"","overlay-color":"","overlay-opacity":"","overlay-gradient":""},"mobile":{"background-color":"var(--ast-global-color-5)","background-image":"","background-repeat":"repeat","background-position":"center center","background-size":"auto","background-attachment":"scroll","background-type":"","background-media":"","overlay-type":"","overlay-color":"","overlay-opacity":"","overlay-gradient":""}}},"product_brand":[],"product_cat":[100],"product_tag":[],"class_list":{"0":"post-3529","1":"product","2":"type-product","3":"status-publish","4":"has-post-thumbnail","6":"product_cat-merch","7":"desktop-align-left","8":"tablet-align-left","9":"mobile-align-left","11":"first","12":"outofstock","13":"taxable","14":"shipping-taxable","15":"purchasable","16":"product-type-simple"},"acf":[],"jetpack_sharing_enabled":true,"_links":{"self":[{"href":"https:\/\/www.kadodrinks.se\/sv\/wp-json\/wp\/v2\/product\/3529","targetHints":{"allow":["GET"]}}],"collection":[{"href":"https:\/\/www.kadodrinks.se\/sv\/wp-json\/wp\/v2\/product"}],"about":[{"href":"https:\/\/www.kadodrinks.se\/sv\/wp-json\/wp\/v2\/types\/product"}],"replies":[{"embeddable":true,"href":"https:\/\/www.kadodrinks.se\/sv\/wp-json\/wp\/v2\/comments?post=3529"}],"version-history":[{"count":14,"href":"https:\/\/www.kadodrinks.se\/sv\/wp-json\/wp\/v2\/product\/3529\/revisions"}],"predecessor-version":[{"id":4566,"href":"https:\/\/www.kadodrinks.se\/sv\/wp-json\/wp\/v2\/product\/3529\/revisions\/4566"}],"wp:featuredmedia":[{"embeddable":true,"href":"https:\/\/www.kadodrinks.se\/sv\/wp-json\/wp\/v2\/media\/3533"}],"wp:attachment":[{"href":"https:\/\/www.kadodrinks.se\/sv\/wp-json\/wp\/v2\/media?parent=3529"}],"wp:term":[{"taxonomy":"product_brand","embeddable":true,"href":"https:\/\/www.kadodrinks.se\/sv\/wp-json\/wp\/v2\/product_brand?post=3529"},{"taxonomy":"product_cat","embeddable":true,"href":"https:\/\/www.kadodrinks.se\/sv\/wp-json\/wp\/v2\/product_cat?post=3529"},{"taxonomy":"product_tag","embeddable":true,"href":"https:\/\/www.kadodrinks.se\/sv\/wp-json\/wp\/v2\/product_tag?post=3529"}],"curies":[{"name":"wp","href":"https:\/\/api.w.org\/{rel}","templated":true}]}}